{"id":388,"date":"2021-01-04T17:29:30","date_gmt":"2021-01-04T16:29:30","guid":{"rendered":"https:\/\/german-webdesign.de\/projects\/jolanda\/?page_id=388"},"modified":"2022-07-19T19:40:17","modified_gmt":"2022-07-19T17:40:17","slug":"einzelanfertigung","status":"publish","type":"page","link":"https:\/\/jolandas-tulip.de\/en\/einzelanfertigung\/","title":{"rendered":"Tailor-Made"},"content":{"rendered":"\t\t<div data-elementor-type=\"wp-page\" data-elementor-id=\"388\" class=\"elementor elementor-388\" data-elementor-post-type=\"page\">\n\t\t\t\t\t\t<section class=\"elementor-section elementor-top-section elementor-element elementor-element-28db88f1 elementor-section-boxed elementor-section-height-default elementor-section-height-default\" data-id=\"28db88f1\" data-element_type=\"section\">\n\t\t\t\t\t\t<div class=\"elementor-container elementor-column-gap-default\">\n\t\t\t\t\t<div class=\"elementor-column elementor-col-100 elementor-top-column elementor-element elementor-element-38b20b37\" data-id=\"38b20b37\" data-element_type=\"column\">\n\t\t\t<div class=\"elementor-widget-wrap elementor-element-populated\">\n\t\t\t\t\t\t<div class=\"elementor-element elementor-element-526a905c line1 elementor-widget elementor-widget-heading\" data-id=\"526a905c\" data-element_type=\"widget\" data-widget_type=\"heading.default\">\n\t\t\t\t<div class=\"elementor-widget-container\">\n\t\t\t<style>\/*! elementor - v3.22.0 - 26-06-2024 *\/\n.elementor-heading-title{padding:0;margin:0;line-height:1}.elementor-widget-heading .elementor-heading-title[class*=elementor-size-]>a{color:inherit;font-size:inherit;line-height:inherit}.elementor-widget-heading .elementor-heading-title.elementor-size-small{font-size:15px}.elementor-widget-heading .elementor-heading-title.elementor-size-medium{font-size:19px}.elementor-widget-heading .elementor-heading-title.elementor-size-large{font-size:29px}.elementor-widget-heading .elementor-heading-title.elementor-size-xl{font-size:39px}.elementor-widget-heading .elementor-heading-title.elementor-size-xxl{font-size:59px}<\/style><h1 class=\"elementor-heading-title elementor-size-default\">Einzelanfertigung\n<\/h1>\t\t<\/div>\n\t\t\t\t<\/div>\n\t\t\t\t<section class=\"elementor-section elementor-inner-section elementor-element elementor-element-5e8d87e5 elementor-reverse-mobile elementor-section-boxed elementor-section-height-default elementor-section-height-default\" data-id=\"5e8d87e5\" data-element_type=\"section\">\n\t\t\t\t\t\t<div class=\"elementor-container elementor-column-gap-default\">\n\t\t\t\t\t<div class=\"elementor-column elementor-col-33 elementor-inner-column elementor-element elementor-element-2e80cb9d animated-fast elementor-invisible\" data-id=\"2e80cb9d\" data-element_type=\"column\" data-settings=\"{&quot;animation&quot;:&quot;fadeInLeft&quot;}\">\n\t\t\t<div class=\"elementor-widget-wrap elementor-element-populated\">\n\t\t\t\t\t\t<div class=\"elementor-element elementor-element-7af496f7 elementor-widget elementor-widget-text-editor\" data-id=\"7af496f7\" data-element_type=\"widget\" data-widget_type=\"text-editor.default\">\n\t\t\t\t<div class=\"elementor-widget-container\">\n\t\t\t<style>\/*! elementor - v3.22.0 - 26-06-2024 *\/\n.elementor-widget-text-editor.elementor-drop-cap-view-stacked .elementor-drop-cap{background-color:#69727d;color:#fff}.elementor-widget-text-editor.elementor-drop-cap-view-framed .elementor-drop-cap{color:#69727d;border:3px solid;background-color:transparent}.elementor-widget-text-editor:not(.elementor-drop-cap-view-default) .elementor-drop-cap{margin-top:8px}.elementor-widget-text-editor:not(.elementor-drop-cap-view-default) .elementor-drop-cap-letter{width:1em;height:1em}.elementor-widget-text-editor .elementor-drop-cap{float:left;text-align:center;line-height:1;font-size:50px}.elementor-widget-text-editor .elementor-drop-cap-letter{display:inline-block}<\/style>\t\t\t\t<p>Bei der Einzelanfertigung wird das Kleidungsst\u00fcck exakt auf Deine K\u00f6rperma\u00dfe zugeschnitten. Entscheide Dich f\u00fcr ein Outfit in unserem aktuellen Angebot. Danach werden Deine K\u00f6rperma\u00dfe gemessen. Das Werk wird anschlie\u00dfend von Hand in Frankfurt gefertigt.<\/p>\n<p>Dies setzt jedoch voraus, dass der gleiche Stoff noch verf\u00fcgbar ist. Um die Umwelt zu schonen, werden wir den Stoff nicht unn\u00f6tig in Vorrat halten.<\/p>\n<p>Bei Interesse kontaktiere mich einfach telefonisch oder per E-Mail<\/p>\t\t\t\t\t\t<\/div>\n\t\t\t\t<\/div>\n\t\t\t\t<div class=\"elementor-element elementor-element-2f40c9c elementor-align-left elementor-widget elementor-widget-button\" data-id=\"2f40c9c\" data-element_type=\"widget\" data-widget_type=\"button.default\">\n\t\t\t\t<div class=\"elementor-widget-container\">\n\t\t\t\t\t<div class=\"elementor-button-wrapper\">\n\t\t\t<a class=\"elementor-button elementor-button-link elementor-size-sm\" href=\"https:\/\/jolandas-tulip.de\/en\/kontakt\/\">\n\t\t\t\t\t\t<span class=\"elementor-button-content-wrapper\">\n\t\t\t\t\t\t\t\t\t<span class=\"elementor-button-text\">KONTAKT<\/span>\n\t\t\t\t\t<\/span>\n\t\t\t\t\t<\/a>\n\t\t<\/div>\n\t\t\t\t<\/div>\n\t\t\t\t<\/div>\n\t\t\t\t\t<\/div>\n\t\t<\/div>\n\t\t\t\t<div class=\"elementor-column elementor-col-33 elementor-inner-column elementor-element elementor-element-4bb029c3 animated-fast elementor-invisible\" data-id=\"4bb029c3\" data-element_type=\"column\" data-settings=\"{&quot;animation&quot;:&quot;fadeInRight&quot;}\">\n\t\t\t<div class=\"elementor-widget-wrap elementor-element-populated\">\n\t\t\t\t\t\t<div class=\"elementor-element elementor-element-e8b2d58 elementor-widget elementor-widget-image\" data-id=\"e8b2d58\" data-element_type=\"widget\" data-widget_type=\"image.default\">\n\t\t\t\t<div class=\"elementor-widget-container\">\n\t\t\t<style>\/*! elementor - v3.22.0 - 26-06-2024 *\/\n.elementor-widget-image{text-align:center}.elementor-widget-image a{display:inline-block}.elementor-widget-image a img[src$=\".svg\"]{width:48px}.elementor-widget-image img{vertical-align:middle;display:inline-block}<\/style>\t\t\t\t\t\t\t\t\t\t<img fetchpriority=\"high\" decoding=\"async\" width=\"700\" height=\"1000\" src=\"https:\/\/jolandas-tulip.de\/wp-content\/uploads\/2021\/03\/Kleid-rot-700px-1000px.png\" class=\"attachment-large size-large wp-image-1236\" alt=\"\" srcset=\"https:\/\/jolandas-tulip.de\/wp-content\/uploads\/2021\/03\/Kleid-rot-700px-1000px.png 700w, https:\/\/jolandas-tulip.de\/wp-content\/uploads\/2021\/03\/Kleid-rot-700px-1000px-210x300.png 210w, https:\/\/jolandas-tulip.de\/wp-content\/uploads\/2021\/03\/Kleid-rot-700px-1000px-600x857.png 600w\" sizes=\"(max-width: 700px) 100vw, 700px\" \/>\t\t\t\t\t\t\t\t\t\t\t\t\t<\/div>\n\t\t\t\t<\/div>\n\t\t\t\t\t<\/div>\n\t\t<\/div>\n\t\t\t\t<div class=\"elementor-column elementor-col-33 elementor-inner-column elementor-element elementor-element-a20ccbf elementor-invisible\" data-id=\"a20ccbf\" data-element_type=\"column\" data-settings=\"{&quot;animation&quot;:&quot;fadeInRight&quot;}\">\n\t\t\t<div class=\"elementor-widget-wrap elementor-element-populated\">\n\t\t\t\t\t\t<div class=\"elementor-element elementor-element-9ac0484 elementor-widget elementor-widget-image\" data-id=\"9ac0484\" data-element_type=\"widget\" data-widget_type=\"image.default\">\n\t\t\t\t<div class=\"elementor-widget-container\">\n\t\t\t\t\t\t\t\t\t\t\t\t\t<img decoding=\"async\" width=\"700\" height=\"998\" src=\"https:\/\/jolandas-tulip.de\/wp-content\/uploads\/2022\/07\/2-700-1000.png\" class=\"attachment-large size-large wp-image-2775\" alt=\"\" srcset=\"https:\/\/jolandas-tulip.de\/wp-content\/uploads\/2022\/07\/2-700-1000.png 700w, https:\/\/jolandas-tulip.de\/wp-content\/uploads\/2022\/07\/2-700-1000-210x300.png 210w, https:\/\/jolandas-tulip.de\/wp-content\/uploads\/2022\/07\/2-700-1000-8x12.png 8w, https:\/\/jolandas-tulip.de\/wp-content\/uploads\/2022\/07\/2-700-1000-600x855.png 600w\" sizes=\"(max-width: 700px) 100vw, 700px\" \/>\t\t\t\t\t\t\t\t\t\t\t\t\t<\/div>\n\t\t\t\t<\/div>\n\t\t\t\t\t<\/div>\n\t\t<\/div>\n\t\t\t\t\t<\/div>\n\t\t<\/section>\n\t\t\t\t\t<\/div>\n\t\t<\/div>\n\t\t\t\t\t<\/div>\n\t\t<\/section>\n\t\t\t\t<\/div>\n\t\t","protected":false},"excerpt":{"rendered":"<p>Einzelanfertigung Bei der Einzelanfertigung wird das Kleidungsst\u00fcck exakt auf Deine K\u00f6rperma\u00dfe zugeschnitten. Entscheide Dich f\u00fcr ein Outfit in unserem aktuellen Angebot. Danach werden Deine K\u00f6rperma\u00dfe gemessen. Das Werk wird anschlie\u00dfend von Hand in Frankfurt gefertigt. Dies setzt jedoch voraus, dass der gleiche Stoff noch verf\u00fcgbar ist. Um die Umwelt zu schonen, werden wir den Stoff [&hellip;]<\/p>\n","protected":false},"author":1,"featured_media":0,"parent":0,"menu_order":0,"comment_status":"closed","ping_status":"closed","template":"","meta":{"_acf_changed":false,"footnotes":""},"acf":[],"_links":{"self":[{"href":"https:\/\/jolandas-tulip.de\/en\/wp-json\/wp\/v2\/pages\/388"}],"collection":[{"href":"https:\/\/jolandas-tulip.de\/en\/wp-json\/wp\/v2\/pages"}],"about":[{"href":"https:\/\/jolandas-tulip.de\/en\/wp-json\/wp\/v2\/types\/page"}],"author":[{"embeddable":true,"href":"https:\/\/jolandas-tulip.de\/en\/wp-json\/wp\/v2\/users\/1"}],"replies":[{"embeddable":true,"href":"https:\/\/jolandas-tulip.de\/en\/wp-json\/wp\/v2\/comments?post=388"}],"version-history":[{"count":29,"href":"https:\/\/jolandas-tulip.de\/en\/wp-json\/wp\/v2\/pages\/388\/revisions"}],"predecessor-version":[{"id":2778,"href":"https:\/\/jolandas-tulip.de\/en\/wp-json\/wp\/v2\/pages\/388\/revisions\/2778"}],"wp:attachment":[{"href":"https:\/\/jolandas-tulip.de\/en\/wp-json\/wp\/v2\/media?parent=388"}],"curies":[{"name":"wp","href":"https:\/\/api.w.org\/{rel}","templated":true}]}}